{"id":7479,"date":"2020-02-22T10:19:03","date_gmt":"2020-02-22T15:19:03","guid":{"rendered":"http:\/\/garajesprefabricados.com\/wp\/?page_id=7479"},"modified":"2020-02-22T12:38:33","modified_gmt":"2020-02-22T17:38:33","slug":"garantias","status":"publish","type":"page","link":"https:\/\/garajesprefabricados.com\/wp\/garantias\/","title":{"rendered":"Pol\u00edtica de Garant\u00edas"},"content":{"rendered":"<p>[vc_row][vc_column][vc_column_text animation=&#8221;rda_fadeIn&#8221;]<\/p>\n<p style=\"text-align: justify;\"><strong>GARAJES PREFABRICADOS SAS<\/strong>, conf\u00eda en la calidad de los productos que comercializa, debido a que estos son fabricados con altos est\u00e1ndares de calidad, el 100% de nuestros productos, son comprobados antes de dejar la f\u00e1brica. No obstante, en caso que alg\u00fan producto puede presentar un defecto. Tenemos dispuestos canales de comunicaci\u00f3n para los procesos de garant\u00edas los cuales est\u00e1n a disposici\u00f3n de los clientes para su uso. Adem\u00e1s, contamos con el respaldo de todos nuestros fabricantes internacionales, y cumplimos con la calidad e idoneidad t\u00e9cnica para el desarrollo de esta actividad dentro del territorio colombiano. La pol\u00edtica de garant\u00eda de la empresa <strong>GARAJES PREFABRICADOS S.A.S.<\/strong> se encuentra enmarcada por lo establecido en la Ley ( 1480 de 2011 actual estatuto del consumido ), buscando siempre la satisfacci\u00f3n de nuestro clientes. Ofreciendo los siguientes t\u00e9rminos de GARANTIAS:<\/p>\n<p>[\/vc_column_text][\/vc_column][\/vc_row][vc_row][vc_column width=&#8221;1\/3&#8243;][vc_single_image image=&#8221;7489&#8243; img_size=&#8221;medium&#8221; alignment=&#8221;center&#8221; animation=&#8221;rda_fadeInLeft&#8221;][\/vc_column][vc_column width=&#8221;1\/3&#8243;][vc_single_image image=&#8221;7490&#8243; img_size=&#8221;medium&#8221; alignment=&#8221;center&#8221; animation=&#8221;rda_fadeInUp&#8221;][\/vc_column][vc_column width=&#8221;1\/3&#8243;][vc_single_image image=&#8221;7488&#8243; img_size=&#8221;medium&#8221; alignment=&#8221;center&#8221; animation=&#8221;rda_fadeInRight&#8221;][\/vc_column][\/vc_row][vc_row][vc_column width=&#8221;1\/4&#8243;][vc_single_image image=&#8221;7498&#8243; img_size=&#8221;medium&#8221; alignment=&#8221;center&#8221; animation=&#8221;rda_bounceInLeft&#8221;][\/vc_column][vc_column width=&#8221;3\/4&#8243;][vc_column_text animation=&#8221;rda_bounceInRight&#8221;]<\/p>\n<h2><span style=\"color: #e30e1d;\">5 A\u00d1OS DE GARANT\u00cdA LIMITADA DEL MOTORREDUCTOR<\/span><\/h2>\n<p><strong>GARAJES PREFABRICADOS S.A.S.<\/strong> si el motorreductor del abridor de garaje, presenta alg\u00fan da\u00f1o por defecto de f\u00e1brica, se realizar\u00e1 la reparaci\u00f3n totalmente gratuita de los defectos del bien y se suministrar\u00e1 oportunamente los repuestos requeridos para su reparaci\u00f3n. O se cambiar\u00e1 el motorreductor del motor sin ning\u00fan costo. (Ver Requisitos para solicitud de Garant\u00edas).[\/vc_column_text][\/vc_column][\/vc_row][vc_row][vc_column width=&#8221;1\/4&#8243;][vc_single_image image=&#8221;7494&#8243; img_size=&#8221;medium&#8221; alignment=&#8221;center&#8221; animation=&#8221;rda_bounceInLeft&#8221;][\/vc_column][vc_column width=&#8221;3\/4&#8243;][vc_column_text animation=&#8221;rda_bounceInRight&#8221;]<\/p>\n<h2><span style=\"color: #e30e1d;\">2 A\u00d1OS DE GARANT\u00cdA LIMITADA MOTOR PARTE MEC\u00c1NICA<\/span><\/h2>\n<p><strong>GARAJES PREFABRICADOS S.A.S.<\/strong> se compromete a reparar sin costo o cambiar cualquier parte que presente fallas debido a materiales o mano de obra defectuosa en su abridor de garaje, por DOS (2) A\u00d1OS, desde la fecha de compra.[\/vc_column_text][\/vc_column][\/vc_row][vc_row][vc_column width=&#8221;1\/4&#8243;][vc_single_image image=&#8221;7495&#8243; img_size=&#8221;medium&#8221; alignment=&#8221;center&#8221; animation=&#8221;rda_bounceInLeft&#8221;][\/vc_column][vc_column width=&#8221;3\/4&#8243;][vc_column_text animation=&#8221;rda_bounceInRight&#8221;]<\/p>\n<h2><span style=\"color: #e30e1d;\">2 A\u00d1OS DE GARANT\u00cdA LIMITADA TARJETAS PARTE EL\u00c9CTRICAS<\/span><\/h2>\n<p><strong>GARAJES PREFABRICADOS S.A.S.<\/strong> se compromete a reparar sin costo o cambiar, cualquier parte debido a falla de materiales o mano de obra defectuosa en su abridor garaje por 6 MESES, desde la fecha de compra.[\/vc_column_text][\/vc_column][\/vc_row][vc_row][vc_column][vc_zigzag el_border_width=&#8221;8&#8243;][\/vc_column][\/vc_row][vc_row][vc_column][vc_single_image image=&#8221;7499&#8243; img_size=&#8221;medium&#8221; alignment=&#8221;center&#8221; animation=&#8221;rda_bounceInUp&#8221;][\/vc_column][\/vc_row][vc_row][vc_column width=&#8221;1\/4&#8243;][vc_single_image image=&#8221;7496&#8243; img_size=&#8221;medium&#8221; alignment=&#8221;center&#8221; animation=&#8221;rda_bounceInLeft&#8221;][\/vc_column][vc_column width=&#8221;3\/4&#8243;][vc_column_text animation=&#8221;rda_bounceInRight&#8221;]<\/p>\n<h2><span style=\"color: #e30e1d;\">3 A\u00d1OS DE GARANT\u00cdA LIMITADA DEL MOTORREDUCTOR<\/span><\/h2>\n<p><strong>GARAJES PREFABRICADOS S.A.S.<\/strong> si el motorreductor del abridor de garaje, presenta alg\u00fan da\u00f1o por defecto de f\u00e1brica, se realizar\u00e1 la reparaci\u00f3n totalmente gratuita de los defectos del bien y se suministrar\u00e1 oportunamente los repuestos requeridos para su reparaci\u00f3n. O se cambiar\u00e1 el motorreductor del motor sin ning\u00fan costo. (Ver Requisitos para solicitud de Garant\u00edas).[\/vc_column_text][\/vc_column][\/vc_row][vc_row][vc_column width=&#8221;1\/4&#8243;][vc_single_image image=&#8221;7492&#8243; img_size=&#8221;medium&#8221; alignment=&#8221;center&#8221; animation=&#8221;rda_bounceInLeft&#8221;][\/vc_column][vc_column width=&#8221;3\/4&#8243;][vc_column_text animation=&#8221;rda_bounceInRight&#8221;]<\/p>\n<h2><span style=\"color: #e30e1d;\">1 A\u00d1O DE GARANT\u00cdA LIMITADA MOTOR-PARTE MEC\u00c1NICA<\/span><\/h2>\n<p><strong>GARAJES PREFABRICADOS S.A.S.<\/strong> se compromete a reparar sin costo o cambiar cualquier parte que presente fallas debido a materiales o mano de obra defectuosa en su abridor de garaje, por UN (1) A\u00d1O, desde la fecha de compra.[\/vc_column_text][\/vc_column][\/vc_row][vc_row][vc_column width=&#8221;1\/4&#8243;][vc_single_image image=&#8221;7497&#8243; img_size=&#8221;medium&#8221; alignment=&#8221;center&#8221; animation=&#8221;rda_bounceInLeft&#8221;][\/vc_column][vc_column width=&#8221;3\/4&#8243;][vc_column_text animation=&#8221;rda_bounceInRight&#8221;]<\/p>\n<h2><span style=\"color: #e30e1d;\">3 MESES DE GARANT\u00cdA LIMITADA TARJETAS PARTE EL\u00c9CTRICAS<\/span><\/h2>\n<p><strong>GARAJES PREFABRICADOS S.A.S.<\/strong> se compromete a reparar sin costo o cambiar, cualquier parte debido a falla de materiales o mano de obra defectuosa en su abridor de garaje por 3 MESES, desde la fecha de compra.[\/vc_column_text][\/vc_column][\/vc_row][vc_row][vc_column][vc_zigzag el_border_width=&#8221;8&#8243;][\/vc_column][\/vc_row][vc_row][vc_column width=&#8221;1\/4&#8243;][vc_single_image image=&#8221;7489&#8243; img_size=&#8221;medium&#8221; alignment=&#8221;center&#8221; animation=&#8221;rda_fadeInLeft&#8221;][\/vc_column][vc_column width=&#8221;1\/4&#8243;][vc_single_image image=&#8221;7490&#8243; img_size=&#8221;medium&#8221; alignment=&#8221;center&#8221; animation=&#8221;rda_fadeInDown&#8221;][\/vc_column][vc_column width=&#8221;1\/4&#8243;][vc_single_image image=&#8221;7488&#8243; img_size=&#8221;medium&#8221; alignment=&#8221;center&#8221; animation=&#8221;rda_fadeInUp&#8221;][\/vc_column][vc_column width=&#8221;1\/4&#8243;][vc_single_image image=&#8221;7499&#8243; img_size=&#8221;medium&#8221; alignment=&#8221;center&#8221; animation=&#8221;rda_fadeInRight&#8221;][\/vc_column][\/vc_row][vc_row][vc_column width=&#8221;1\/4&#8243;][vc_single_image image=&#8221;7493&#8243; img_size=&#8221;medium&#8221; alignment=&#8221;center&#8221; animation=&#8221;rda_bounceInLeft&#8221;][\/vc_column][vc_column width=&#8221;3\/4&#8243;][vc_column_text animation=&#8221;rda_bounceInRight&#8221;]<\/p>\n<h2><span style=\"color: #e30e1d;\">1 MES DE GARANT\u00cdA LIMITADA EN PARTES ELECTR\u00d3NICAS, REPUESTOS Y ACCESORIOS<\/span><\/h2>\n<p><strong>GARAJES PREFABRICADOS S.A.S.<\/strong> se compromete a reparar sin costo o cambiar, cualquier parte electr\u00f3nica, repuesto o accesorio que se compren por separado, debido a falla de materiales o mano de obra defectuosa por 1 MES desde la fecha de compra.[\/vc_column_text][\/vc_column][\/vc_row][vc_row][vc_column][vc_zigzag el_border_width=&#8221;8&#8243;][\/vc_column][\/vc_row][vc_row][vc_column][vc_custom_heading text=&#8221;REQUISITOS PARA SOLICITUD DE GARANT\u00cdAS&#8221; font_container=&#8221;tag:h2|text_align:center|color:%23e20111&#8243; google_fonts=&#8221;font_family:Exo%3A100%2C100italic%2C200%2C200italic%2C300%2C300italic%2Cregular%2Citalic%2C500%2C500italic%2C600%2C600italic%2C700%2C700italic%2C800%2C800italic%2C900%2C900italic|font_style:700%20bold%20regular%3A700%3Anormal&#8221;][vc_column_text font_size=&#8221;16&#8243; animation=&#8221;rda_fadeIn&#8221;]Para efecto de iniciar el proceso de garant\u00eda, el cliente debe anexar la siguiente documentaci\u00f3n y cumplir con estos requisitos:<\/p>\n<ul style=\"text-align: justify;\">\n<li>Fotocopia de la factura de Compra sin tachones ni enmendaduras. En caso de no tenerla deber\u00e1 presentar la solicitud de copia de factura, al siguiente correo electr\u00f3nico contabilidad@garajesprefabricados.com .<\/li>\n<li>Formato para solicitud de garant\u00eda diligenciado, este formato puede ser descargado de nuestra p\u00e1gina WWW.GARAJESPREFABRICADOS.COM\/GARANTIAS. o solicitarlo a la coordinadora de la sucursal donde usted llevara el equipo, este debe ser diligenciado en su totalidad, y explicando detalladamente la solicitud de la garant\u00eda o falla del equipo. No se recibir\u00e1n productos o no entraran al proceso de solicitud de garant\u00eda, equipos que sean entregados o enviados sin la respectiva documentaci\u00f3n.<br \/>\nEsto es un requisito indispensable, para la asignaci\u00f3n de su respectiva orden de trabajo. Si el cliente no tiene completa la documentaci\u00f3n o no cumple con las normas establecidas para iniciar el proceso, el producto no podr\u00e1 ingresar al sistema de garant\u00eda.<\/li>\n<li>Los productos que presente falla deben ser enviados a las instalaciones de GARAJES PREFABRICADOS SAS, m\u00e1s cercana, Preferiblemente la sucursal donde se haya adquirido el producto. Nuestra compa\u00f1\u00eda no presta el servicio de recogida de productos en ning\u00fan caso.<\/li>\n<li>El producto debe regresarse completo con todos los elementos y accesorios entregados al momento de la compra y preferiblemente en su caja original.<\/li>\n<li>El producto NO debe haber sido Reparado, o Manipulado por personal Externo a nuestra compa\u00f1\u00eda.<\/li>\n<li>Solo est\u00e1n cubiertas las garant\u00edas de productos importados y vendidos por GARAJES PREFABRICADOS SAS.<\/li>\n<li>Se verificar\u00e1 en nuestra base de datos el n\u00famero del serial del equipo, para comprobar si fue vendido por nuestra compa\u00f1\u00eda.<\/li>\n<li>Los costos asociados a instalaci\u00f3n, desmonte, mantenimiento y adicionales sobre la operaci\u00f3n del producto no est\u00e1n cubiertos por ninguna garant\u00eda, por lo tanto son de entera responsabilidad del cliente.<\/li>\n<\/ul>\n<p>[\/vc_column_text][\/vc_column][\/vc_row][vc_row][vc_column][vc_zigzag el_border_width=&#8221;8&#8243;][\/vc_column][\/vc_row][vc_row][vc_column][vc_custom_heading text=&#8221;EXCLUSIONES DE RECLAMACI\u00d3N DE GARANT\u00cdA&#8221; font_container=&#8221;tag:h2|text_align:center|color:%23e20111&#8243; google_fonts=&#8221;font_family:Exo%3A100%2C100italic%2C200%2C200italic%2C300%2C300italic%2Cregular%2Citalic%2C500%2C500italic%2C600%2C600italic%2C700%2C700italic%2C800%2C800italic%2C900%2C900italic|font_style:700%20bold%20regular%3A700%3Anormal&#8221;][vc_column_text font_size=&#8221;16&#8243; animation=&#8221;rda_fadeIn&#8221;]Las reclamaciones bajo esta garant\u00eda podr\u00e1n denegarse cuando:<\/p>\n<ul style=\"text-align: justify;\">\n<li>No se puede demostrar razonablemente por parte del departamento de servicio t\u00e9cnico de GARAJES PREFABRICADOS S.A.S. que el fallo del producto se debe a los materiales o defectos de fabricaci\u00f3n.<\/li>\n<li>La falla o el da\u00f1o se debe a desgaste y desgarros incurrido en el producto durante el curso de su uso normal. Todos los productos est\u00e1n sujetos a desgastes durante el uso, la selecci\u00f3n del productos correcto para su necesidad o aplicaci\u00f3n es sumamente importante.<\/li>\n<li>Si el n\u00famero de serial del producto haya sido borrado, da\u00f1ado alterado o no figure en nuestra base de datos.<\/li>\n<li>Los da\u00f1os causados por el mal uso del producto, incluido ca\u00eddas, accidentes, vandalismos, robos, similares u operaciones y\/o aplicaciones no conformes con el manual de instrucciones.<\/li>\n<li>Fuerza mayor o caso fortuito (desperfectos causados por negligencia, exposici\u00f3n al fuego, \u00e1cidos, accidentes causados por roedores e insectos en el producto, fluctuaciones el\u00e9ctricas o picos de voltaje). Indispensable que los puntos el\u00e9ctricos tengan polo a tierra.<\/li>\n<li>Sobre carga del producto o continuidad en uso de previo fallo.<\/li>\n<li>El producto presente indicios de manipulaci\u00f3n o alteraciones internas y externas, o cualquier modificaci\u00f3n en el producto original.<\/li>\n<li>Cualquier producto en el que el trabajo de reparaci\u00f3n o intentos, haya sido llevada a cabo por cualquier persona ajena al departamento de servicio t\u00e9cnico de la empresa GARAJES PREFABRICADOS SAS.<\/li>\n<li>La falta de mantenimiento preventivo durante el periodo de Garant\u00eda del producto.<\/li>\n<li>Si el producto se devuelve incompleto o equipado con componentes no originales.<\/li>\n<li>Productos cuyo periodo de garant\u00eda haya finalizado.<\/li>\n<li>Las garant\u00edas no son extendidas a terceros, solo se recibir\u00e1n solicitudes de garant\u00edas por parte del cliente inicial o comprador directo del equipo.<\/li>\n<li>La garant\u00eda, excluye entre otros aspectos, la instalaci\u00f3n, desmonte, y re-instalaci\u00f3n del equipo, accesorios adicionales para el montaje, y cualquier gasto generado por mano de obra e indirectos (como la p\u00e9rdida de ingresos\/ganancias, da\u00f1o a la propiedad u otros gastos generados durante el tiempo que el producto estuvo en garant\u00eda o reparaci\u00f3n, o cualquier otro gasto no mencionado).<\/li>\n<li>No est\u00e1n cubiertos por la garant\u00eda los accesorios tales como controles remotos, botoneras, pulsadores, fotoceldas, cables, consumibles, pl\u00e1sticos, caucho y partes met\u00e1licas que puedan sufrir desgaste por uso normal.<\/li>\n<\/ul>\n<p>[\/vc_column_text][\/vc_column][\/vc_row]<\/p>\n","protected":false},"excerpt":{"rendered":"<p>[vc_row][vc_column][vc_column_text animation=&#8221;rda_fadeIn&#8221;] GARAJES PREFABRICADOS SAS, conf\u00eda en la calidad de los productos que comercializa, debido a que estos son fabricados con altos est\u00e1ndares de calidad, el 100% de nuestros productos, son comprobados antes de dejar la f\u00e1brica. No obstante, en caso que alg\u00fan producto puede presentar un defecto. Tenemos dispuestos canales de comunicaci\u00f3n para los<br \/><a href=\"https:\/\/garajesprefabricados.com\/wp\/garantias\/\" class=\"more\">Read more<\/a><\/p>\n","protected":false},"author":1,"featured_media":0,"parent":0,"menu_order":0,"comment_status":"closed","ping_status":"closed","template":"","meta":{"footnotes":""},"class_list":["post-7479","page","type-page","status-publish","hentry"],"_links":{"self":[{"href":"https:\/\/garajesprefabricados.com\/wp\/wp-json\/wp\/v2\/pages\/7479","targetHints":{"allow":["GET"]}}],"collection":[{"href":"https:\/\/garajesprefabricados.com\/wp\/wp-json\/wp\/v2\/pages"}],"about":[{"href":"https:\/\/garajesprefabricados.com\/wp\/wp-json\/wp\/v2\/types\/page"}],"author":[{"embeddable":true,"href":"https:\/\/garajesprefabricados.com\/wp\/wp-json\/wp\/v2\/users\/1"}],"replies":[{"embeddable":true,"href":"https:\/\/garajesprefabricados.com\/wp\/wp-json\/wp\/v2\/comments?post=7479"}],"version-history":[{"count":20,"href":"https:\/\/garajesprefabricados.com\/wp\/wp-json\/wp\/v2\/pages\/7479\/revisions"}],"predecessor-version":[{"id":7511,"href":"https:\/\/garajesprefabricados.com\/wp\/wp-json\/wp\/v2\/pages\/7479\/revisions\/7511"}],"wp:attachment":[{"href":"https:\/\/garajesprefabricados.com\/wp\/wp-json\/wp\/v2\/media?parent=7479"}],"curies":[{"name":"wp","href":"https:\/\/api.w.org\/{rel}","templated":true}]}}