{"id":8209,"date":"2020-04-27T23:09:10","date_gmt":"2020-04-28T04:09:10","guid":{"rendered":"http:\/\/garajesprefabricados.com\/wp\/?page_id=8209"},"modified":"2020-05-19T11:24:46","modified_gmt":"2020-05-19T16:24:46","slug":"motores-para-puertas-batientes-oleodinamicos-subbt","status":"publish","type":"page","link":"http:\/\/garajesprefabricados.com\/wp\/motores-para-puertas-batientes-oleodinamicos-subbt\/","title":{"rendered":"Sub BT"},"content":{"rendered":"<p>[vc_row type=&#8221;full-width-section&#8221; parallax=&#8221;tt_parallax&#8221; parallax_image=&#8221;8049&#8243; overlay=&#8221;1&#8243; overlay_color=&#8221;rgba(0,0,0,0.75)&#8221; css=&#8221;.vc_custom_1586306447816{padding-top: 50px !important;padding-bottom: 50px !important;}&#8221;][vc_column][vc_single_image image=&#8221;7488&#8243; img_size=&#8221;full&#8221; alignment=&#8221;center&#8221; animation=&#8221;rda_fadeInUp&#8221;][\/vc_column][\/vc_row][vc_row type=&#8221;full-width-section&#8221;][vc_column width=&#8221;1\/2&#8243;][vc_single_image image=&#8221;8210&#8243; img_size=&#8221;full&#8221; alignment=&#8221;center&#8221; style=&#8221;vc_box_rounded&#8221;][\/vc_column][vc_column width=&#8221;1\/2&#8243;][vc_column_text]Motor hidr\u00e1ulico subterr\u00e1neo marca BFT modelo SUB BT, disponible en 110V\/24v y 220v\/24v. Irreversible para hojas de hasta 800kg y 2.5m. Uso muy intensivo. Requiere tarjeta electr\u00f3nica THALIA P.<\/p>\n<h3><strong>Tecnolog\u00eda<\/strong><\/h3>\n<div><img loading=\"lazy\" decoding=\"async\" src=\"http:\/\/garajesprefabricados.com\/wp\/wp-content\/uploads\/2020\/04\/tec-24v.jpg\" alt=\"\" width=\"76\" height=\"50\" \/> <img loading=\"lazy\" decoding=\"async\" src=\"http:\/\/garajesprefabricados.com\/wp\/wp-content\/uploads\/2020\/04\/d-track.jpg\" alt=\"\" width=\"76\" height=\"50\" \/><\/div>\n<p>[\/vc_column_text][\/vc_column][\/vc_row][vc_row][vc_column]\n<!-- lists --><div class=\"rd_list_4 rd_list_left\"><style type='text\/css'> @font-face{font-family: 'el'; src:url('https:\/\/garajesprefabricados.com\/wp\/wp-content\/themes\/thefox\/includes\/4k-icons\/icons\/4k-icons-pack02\/icons\/fonts\/el.eot'); src:url('https:\/\/garajesprefabricados.com\/wp\/wp-content\/themes\/thefox\/includes\/4k-icons\/icons\/4k-icons-pack02\/icons\/fonts\/el.eot?#iefix') format('embedded-opentype'), url('https:\/\/garajesprefabricados.com\/wp\/wp-content\/themes\/thefox\/includes\/4k-icons\/icons\/4k-icons-pack02\/icons\/fonts\/el.woff') format('woff'), url('https:\/\/garajesprefabricados.com\/wp\/wp-content\/themes\/thefox\/includes\/4k-icons\/icons\/4k-icons-pack02\/icons\/fonts\/el.ttf') format('truetype'), url('https:\/\/garajesprefabricados.com\/wp\/wp-content\/themes\/thefox\/includes\/4k-icons\/icons\/4k-icons-pack02\/icons\/fonts\/el.svg#oi') format('svg'); font-weight: normal; font-style: normal;}#rand_jokx4it5hhixntmbynbv .el-scope:before{font-family: 'el'; font-weight: normal; font-style: normal;}#rand_jokx4it5hhixntmbynbv .el-scope:before{content: \"\\e058\";}<\/style>\n<style type=\"text\/css\" >.rd_list_1 .list_item_ctn { border-color:#ecf0f1}.rd_list_1 #rand_jokx4it5hhixntmbynbv .list_icn i,.rd_list_1_alt #rand_jokx4it5hhixntmbynbv .list_icn i{color:#1a1c27;}.rd_list_2 #rand_jokx4it5hhixntmbynbv:after{background:#ffffff;}.rd_list_2 #rand_jokx4it5hhixntmbynbv .list_icn i{color:#1a1c27;}.rd_list_3 #rand_jokx4it5hhixntmbynbv .list_icn,.rd_list_5 #rand_jokx4it5hhixntmbynbv .list_icn,.rd_list_6 #rand_jokx4it5hhixntmbynbv .list_icn{background:#1a1c27;}.rd_list_4 #rand_jokx4it5hhixntmbynbv{background:#1a1c27;}#rand_jokx4it5hhixntmbynbv h3{color:#2c3e50;}#rand_jokx4it5hhixntmbynbv p{color:#ffffff;}.rd_list_7 #rand_jokx4it5hhixntmbynbv .list_icn{color:#1a1c27;}<\/style><div class=\"list_item_ctn\" id=\"rand_jokx4it5hhixntmbynbv\"><div class=\"list_icn\"><i class=\"el-scope\"><\/i><\/div><div class=\"list_desc\"><p>Uso Residencial<\/p><\/div><\/div><style type='text\/css'> @font-face{font-family: 'el'; src:url('https:\/\/garajesprefabricados.com\/wp\/wp-content\/themes\/thefox\/includes\/4k-icons\/icons\/4k-icons-pack02\/icons\/fonts\/el.eot'); src:url('https:\/\/garajesprefabricados.com\/wp\/wp-content\/themes\/thefox\/includes\/4k-icons\/icons\/4k-icons-pack02\/icons\/fonts\/el.eot?#iefix') format('embedded-opentype'), url('https:\/\/garajesprefabricados.com\/wp\/wp-content\/themes\/thefox\/includes\/4k-icons\/icons\/4k-icons-pack02\/icons\/fonts\/el.woff') format('woff'), url('https:\/\/garajesprefabricados.com\/wp\/wp-content\/themes\/thefox\/includes\/4k-icons\/icons\/4k-icons-pack02\/icons\/fonts\/el.ttf') format('truetype'), url('https:\/\/garajesprefabricados.com\/wp\/wp-content\/themes\/thefox\/includes\/4k-icons\/icons\/4k-icons-pack02\/icons\/fonts\/el.svg#oi') format('svg'); font-weight: normal; font-style: normal;}#rand_3fqswxfoundklzsydo7q .el-document:before{font-family: 'el'; font-weight: normal; font-style: normal;}#rand_3fqswxfoundklzsydo7q .el-document:before{content: \"\\e005\";}<\/style>\n<style type=\"text\/css\" >.rd_list_1 .list_item_ctn { border-color:#ecf0f1}.rd_list_1 #rand_3fqswxfoundklzsydo7q .list_icn i,.rd_list_1_alt #rand_3fqswxfoundklzsydo7q .list_icn i{color:#1a1c27;}.rd_list_2 #rand_3fqswxfoundklzsydo7q:after{background:#ffffff;}.rd_list_2 #rand_3fqswxfoundklzsydo7q .list_icn i{color:#1a1c27;}.rd_list_3 #rand_3fqswxfoundklzsydo7q .list_icn,.rd_list_5 #rand_3fqswxfoundklzsydo7q .list_icn,.rd_list_6 #rand_3fqswxfoundklzsydo7q .list_icn{background:#1a1c27;}.rd_list_4 #rand_3fqswxfoundklzsydo7q{background:#1a1c27;}#rand_3fqswxfoundklzsydo7q h3{color:#2c3e50;}#rand_3fqswxfoundklzsydo7q p{color:#ffffff;}.rd_list_7 #rand_3fqswxfoundklzsydo7q .list_icn{color:#1a1c27;}<\/style><div class=\"list_item_ctn\" id=\"rand_3fqswxfoundklzsydo7q\"><div class=\"list_icn\"><i class=\"el-document\"><\/i><\/div><a href=\"http:\/\/garajesprefabricados.com\/pdf\/ficha%20sub%20bt.pdf\" target=\"_blank\"><div class=\"list_desc\"><p>Ficha T\u00e9cnica<\/p><\/a><\/div><\/div><style type='text\/css'> @font-face{font-family: 'el'; src:url('https:\/\/garajesprefabricados.com\/wp\/wp-content\/themes\/thefox\/includes\/4k-icons\/icons\/4k-icons-pack02\/icons\/fonts\/el.eot'); src:url('https:\/\/garajesprefabricados.com\/wp\/wp-content\/themes\/thefox\/includes\/4k-icons\/icons\/4k-icons-pack02\/icons\/fonts\/el.eot?#iefix') format('embedded-opentype'), url('https:\/\/garajesprefabricados.com\/wp\/wp-content\/themes\/thefox\/includes\/4k-icons\/icons\/4k-icons-pack02\/icons\/fonts\/el.woff') format('woff'), url('https:\/\/garajesprefabricados.com\/wp\/wp-content\/themes\/thefox\/includes\/4k-icons\/icons\/4k-icons-pack02\/icons\/fonts\/el.ttf') format('truetype'), url('https:\/\/garajesprefabricados.com\/wp\/wp-content\/themes\/thefox\/includes\/4k-icons\/icons\/4k-icons-pack02\/icons\/fonts\/el.svg#oi') format('svg'); font-weight: normal; font-style: normal;}#rand_ufl6rpw2hcu4wafglkrk .el-document:before{font-family: 'el'; font-weight: normal; font-style: normal;}#rand_ufl6rpw2hcu4wafglkrk .el-document:before{content: \"\\e005\";}<\/style>\n<style type=\"text\/css\" >.rd_list_1 .list_item_ctn { border-color:#ecf0f1}.rd_list_1 #rand_ufl6rpw2hcu4wafglkrk .list_icn i,.rd_list_1_alt #rand_ufl6rpw2hcu4wafglkrk .list_icn i{color:#1a1c27;}.rd_list_2 #rand_ufl6rpw2hcu4wafglkrk:after{background:#ffffff;}.rd_list_2 #rand_ufl6rpw2hcu4wafglkrk .list_icn i{color:#1a1c27;}.rd_list_3 #rand_ufl6rpw2hcu4wafglkrk .list_icn,.rd_list_5 #rand_ufl6rpw2hcu4wafglkrk .list_icn,.rd_list_6 #rand_ufl6rpw2hcu4wafglkrk .list_icn{background:#1a1c27;}.rd_list_4 #rand_ufl6rpw2hcu4wafglkrk{background:#1a1c27;}#rand_ufl6rpw2hcu4wafglkrk h3{color:#2c3e50;}#rand_ufl6rpw2hcu4wafglkrk p{color:#ffffff;}.rd_list_7 #rand_ufl6rpw2hcu4wafglkrk .list_icn{color:#1a1c27;}<\/style><div class=\"list_item_ctn\" id=\"rand_ufl6rpw2hcu4wafglkrk\"><div class=\"list_icn\"><i class=\"el-document\"><\/i><\/div><a href=\"http:\/\/garajesprefabricados.com\/pdf\/SUB-bt%20Manual.pdf\" target=\"_blank\"><div class=\"list_desc\"><p>Manual de Instrucciones<\/p><\/a><\/div><\/div><\/div>\r\n\r\n<!-- lists END-->\n[\/vc_column][\/vc_row][vc_row type=&#8221;full-width-section&#8221; content_placement=&#8221;middle&#8221; css=&#8221;.vc_custom_1586306908702{padding-top: 50px !important;padding-bottom: 50px !important;background-color: #ededed !important;}&#8221;][vc_column][vc_custom_heading text=&#8221;Tabla Recapitulativa&#8221; font_container=&#8221;tag:h2|text_align:center&#8221; google_fonts=&#8221;font_family:Exo%3A100%2C100italic%2C200%2C200italic%2C300%2C300italic%2Cregular%2Citalic%2C500%2C500italic%2C600%2C600italic%2C700%2C700italic%2C800%2C800italic%2C900%2C900italic|font_style:300%20light%20regular%3A300%3Anormal&#8221;]<style type=\"text\/css\" >#t_136b060fmo6k9unhk53b .table_col {color:#80818a; background:#ffffff;}#t_136b060fmo6k9unhk53b .table_col .table_line_ctn {border:1px solid #ecf0f1;}#t_136b060fmo6k9unhk53b .table_col .table_line {border-bottom:1px solid #ecf0f1;} <\/style>  \n<!-- Table --><div class=\"rd_table_ctn rd_table_4_col\" id=\"t_136b060fmo6k9unhk53b\"><div class=\"table_col\"><h3 style=\"background:#e41e23; color:#ffffff\">Producto<\/h3><div class=\"table_line_ctn\"><div class=\"table_line\"><p>Sub BT<\/p><\/div><\/div><\/div><div class=\"table_col\"><h3 style=\"background:#e41e23; color:#ffffff\">Tensi\u00f3n<\/h3><div class=\"table_line_ctn\"><div class=\"table_line\"><p>110 V\/24 V - 220 V\/24 V<\/p><\/div><\/div><\/div><div class=\"table_col\"><h3 style=\"background:#e41e23; color:#ffffff\">Peso Hoja<\/h3><div class=\"table_line_ctn\"><div class=\"table_line\"><p>hasta 800 kg<\/p><\/div><\/div><\/div><div class=\"table_col\"><h3 style=\"background:#e41e23; color:#ffffff\">Longitud Hoja<\/h3><div class=\"table_line_ctn\"><div class=\"table_line\"><p>hasta 2.5 mts<\/p><\/div><\/div><\/div><\/div>\r\n\r\n<!-- Table END-->\n[\/vc_column][\/vc_row][vc_row][vc_column][vc_tabs interval=&#8221;0&#8243; type=&#8221;rd_tab_2&#8243;][vc_tab use_icon=&#8221;yes&#8221; title=&#8221;Accesorios Opcionales&#8221; tab_id=&#8221;766d2b76-5af4-7&#8243; icon=&#8221;el-gears&#8221;][vc_row_inner][vc_column_inner width=&#8221;1\/5&#8243;][vc_single_image image=&#8221;8174&#8243; img_size=&#8221;full&#8221; alignment=&#8221;center&#8221;][vc_column_text]<\/p>\n<h4 style=\"text-align: center;\">ALCOR N<\/h4>\n<p style=\"text-align: center;\">Tarjeta electr\u00f3nica.<\/p>\n<p>[\/vc_column_text][\/vc_column_inner][vc_column_inner width=&#8221;1\/5&#8243;][vc_single_image image=&#8221;8175&#8243; img_size=&#8221;full&#8221; alignment=&#8221;center&#8221;][vc_column_text]<\/p>\n<h4 style=\"text-align: center;\">THALIA P<\/h4>\n<p style=\"text-align: center;\">Tarjeta electr\u00f3nica.<\/p>\n<p>[\/vc_column_text][\/vc_column_inner][vc_column_inner width=&#8221;1\/5&#8243;][vc_single_image image=&#8221;8097&#8243; img_size=&#8221;full&#8221; alignment=&#8221;center&#8221;][vc_column_text]<\/p>\n<h4 style=\"text-align: center;\">ME<\/h4>\n<p style=\"text-align: center;\">Tarjeta transformadora.<\/p>\n<p>[\/vc_column_text][\/vc_column_inner][vc_column_inner width=&#8221;1\/5&#8243;][vc_single_image image=&#8221;8092&#8243; img_size=&#8221;full&#8221; alignment=&#8221;center&#8221;][vc_column_text]<\/p>\n<h4 style=\"text-align: center;\">EBP<\/h4>\n<p style=\"text-align: center;\">Electrocerradura.<\/p>\n<p>[\/vc_column_text][\/vc_column_inner][vc_column_inner width=&#8221;1\/5&#8243;][vc_single_image image=&#8221;8095&#8243; img_size=&#8221;full&#8221; alignment=&#8221;center&#8221;][vc_column_text]<\/p>\n<h4 style=\"text-align: center;\">ECB VERT<\/h4>\n<p style=\"text-align: center;\">Electrocerradura vertical YALE, 12V y 24V.<\/p>\n<p>[\/vc_column_text][\/vc_column_inner][\/vc_row_inner][vc_row_inner][vc_column_inner width=&#8221;1\/5&#8243;][vc_single_image image=&#8221;8094&#8243; img_size=&#8221;full&#8221; alignment=&#8221;center&#8221;][vc_column_text]<\/p>\n<h4 style=\"text-align: center;\">ECB DX<\/h4>\n<p style=\"text-align: center;\">Electrocerradura horizontal derecha YALE, 12 V.<\/p>\n<p>[\/vc_column_text][\/vc_column_inner][vc_column_inner width=&#8221;1\/5&#8243;][vc_single_image image=&#8221;8093&#8243; img_size=&#8221;full&#8221; alignment=&#8221;center&#8221;][vc_column_text]<\/p>\n<h4 style=\"text-align: center;\">ECB SX<\/h4>\n<p style=\"text-align: center;\">Electrocerradura horizontal izquierda YALE, 12 V.<\/p>\n<p>[\/vc_column_text][\/vc_column_inner][vc_column_inner width=&#8221;1\/5&#8243;][vc_single_image image=&#8221;8089&#8243; img_size=&#8221;full&#8221; alignment=&#8221;center&#8221;][vc_column_text]<\/p>\n<h4 style=\"text-align: center;\">CELLULA 130<\/h4>\n<p style=\"text-align: center;\">Pareja de fotoceldas.<\/p>\n<p>[\/vc_column_text][\/vc_column_inner][vc_column_inner width=&#8221;1\/5&#8243;][vc_single_image image=&#8221;8090&#8243; img_size=&#8221;full&#8221; alignment=&#8221;center&#8221;][vc_column_text]<\/p>\n<h4 style=\"text-align: center;\">CELLULA 180<\/h4>\n<p style=\"text-align: center;\">Pareja de fotoceldas orientables.<\/p>\n<p>[\/vc_column_text][\/vc_column_inner][vc_column_inner width=&#8221;1\/5&#8243;][vc_single_image image=&#8221;8100&#8243; img_size=&#8221;full&#8221; alignment=&#8221;center&#8221;][vc_column_text]<\/p>\n<h4 style=\"text-align: center;\">CELLULA RFL<\/h4>\n<p style=\"text-align: center;\">Fotoc\u00e9lula de reflexi\u00f3n para aplicaci\u00f3n exterior, alcance: 12 m. Alimentaci\u00f3n: 24V C.A.\/C.C.<\/p>\n<p>[\/vc_column_text][\/vc_column_inner][\/vc_row_inner][vc_row_inner][vc_column_inner width=&#8221;1\/5&#8243;][vc_single_image image=&#8221;8091&#8243; img_size=&#8221;full&#8221; alignment=&#8221;center&#8221;][vc_column_text]<\/p>\n<h4 style=\"text-align: center;\">DESME A15<\/h4>\n<p style=\"text-align: center;\">Pareja de fotoceldas autoalineantes.<\/p>\n<p>[\/vc_column_text][\/vc_column_inner][vc_column_inner width=&#8221;1\/5&#8243;][vc_single_image image=&#8221;8096&#8243; img_size=&#8221;full&#8221; alignment=&#8221;center&#8221;][vc_column_text]<\/p>\n<h4 style=\"text-align: center;\">FL130<\/h4>\n<p style=\"text-align: center;\">Pareja fotoceldas receptor transmisor.<\/p>\n<p>[\/vc_column_text][\/vc_column_inner][vc_column_inner width=&#8221;1\/5&#8243;][vc_single_image image=&#8221;8173&#8243; img_size=&#8221;full&#8221; alignment=&#8221;center&#8221;][vc_column_text]<\/p>\n<h4 style=\"text-align: center;\">SPC<\/h4>\n<p style=\"text-align: center;\">Botonera exterior de dos funciones OPEN\/STOP.<\/p>\n<p>[\/vc_column_text][\/vc_column_inner][vc_column_inner width=&#8221;1\/5&#8243;][vc_single_image image=&#8221;8099&#8243; img_size=&#8221;full&#8221; alignment=&#8221;center&#8221;][vc_column_text]<\/p>\n<h4 style=\"text-align: center;\">Q.BO TOUCH<\/h4>\n<p style=\"text-align: center;\">Botonera digital inal\u00e1mbrica.<\/p>\n<p>[\/vc_column_text][\/vc_column_inner][vc_column_inner width=&#8221;1\/5&#8243;][vc_single_image image=&#8221;8103&#8243; img_size=&#8221;full&#8221; alignment=&#8221;center&#8221;][vc_column_text]<\/p>\n<h4 style=\"text-align: center;\">Q.BO KEY WM<\/h4>\n<p style=\"text-align: center;\">Selector con llave.<\/p>\n<p>[\/vc_column_text][\/vc_column_inner][\/vc_row_inner][vc_row_inner][vc_column_inner width=&#8221;1\/5&#8243;][vc_single_image image=&#8221;8102&#8243; img_size=&#8221;full&#8221; alignment=&#8221;center&#8221;][vc_column_text]<\/p>\n<h4 style=\"text-align: center;\">B 00 R02<\/h4>\n<p style=\"text-align: center;\">Soporte mural.<\/p>\n<p>[\/vc_column_text][\/vc_column_inner][vc_column_inner width=&#8221;1\/5&#8243;][vc_single_image image=&#8221;8104&#8243; img_size=&#8221;full&#8221; alignment=&#8221;center&#8221;][vc_column_text]<\/p>\n<h4 style=\"text-align: center;\">RADIUS B LTA<\/h4>\n<p style=\"text-align: center;\">L\u00e1mpara a 220V &#8211; 110V &#8211; 24V.<\/p>\n<p>[\/vc_column_text][\/vc_column_inner][vc_column_inner width=&#8221;1\/5&#8243;][vc_single_image image=&#8221;8098&#8243; img_size=&#8221;full&#8221; alignment=&#8221;center&#8221;][vc_column_text]<\/p>\n<h4 style=\"text-align: center;\">MITTO B RBC02 R1<\/h4>\n<p style=\"text-align: center;\">Control remoto de 2 canales.<\/p>\n<p>[\/vc_column_text][\/vc_column_inner][vc_column_inner width=&#8221;1\/5&#8243;][vc_single_image image=&#8221;8215&#8243; img_size=&#8221;full&#8221; alignment=&#8221;center&#8221;][vc_column_text]<\/p>\n<h4 style=\"text-align: center;\">FCS<\/h4>\n<p style=\"text-align: center;\">Caja portante de cimentaci\u00f3n para Sub BT.<\/p>\n<p>[\/vc_column_text][\/vc_column_inner][vc_column_inner width=&#8221;1\/5&#8243;][\/vc_column_inner][\/vc_row_inner][\/vc_tab][vc_tab use_icon=&#8221;yes&#8221; title=&#8221;Dimensiones&#8221; tab_id=&#8221;39b8b46b-2638-2&#8243; icon=&#8221;el-tools&#8221;][vc_single_image image=&#8221;8212&#8243; img_size=&#8221;full&#8221; alignment=&#8221;center&#8221;][\/vc_tab][vc_tab use_icon=&#8221;yes&#8221; title=&#8221;Ejemplo de Instalaci\u00f3n&#8221; tab_id=&#8221;1586300781375-2-7&#8243; icon=&#8221;el-tools-2&#8243;][vc_single_image image=&#8221;8214&#8243; img_size=&#8221;full&#8221; alignment=&#8221;center&#8221;][\/vc_tab][vc_tab use_icon=&#8221;yes&#8221; title=&#8221;Video&#8221; tab_id=&#8221;1586300820503-3-4&#8243; icon=&#8221;el-video&#8221;][vc_video link=&#8221;https:\/\/www.youtube.com\/watch?v=1ArgkDkPkAY&#8221; align=&#8221;center&#8221;][\/vc_tab][\/vc_tabs][\/vc_column][\/vc_row]<\/p>\n","protected":false},"excerpt":{"rendered":"<p>[vc_row type=&#8221;full-width-section&#8221; parallax=&#8221;tt_parallax&#8221; parallax_image=&#8221;8049&#8243; overlay=&#8221;1&#8243; overlay_color=&#8221;rgba(0,0,0,0.75)&#8221; css=&#8221;.vc_custom_1586306447816{padding-top: 50px !important;padding-bottom: 50px !important;}&#8221;][vc_column][vc_single_image image=&#8221;7488&#8243; img_size=&#8221;full&#8221; alignment=&#8221;center&#8221; animation=&#8221;rda_fadeInUp&#8221;][\/vc_column][\/vc_row][vc_row type=&#8221;full-width-section&#8221;][vc_column width=&#8221;1\/2&#8243;][vc_single_image image=&#8221;8210&#8243; img_size=&#8221;full&#8221; alignment=&#8221;center&#8221; style=&#8221;vc_box_rounded&#8221;][\/vc_column][vc_column width=&#8221;1\/2&#8243;][vc_column_text]Motor hidr\u00e1ulico subterr\u00e1neo marca BFT modelo SUB BT, disponible en 110V\/24v y 220v\/24v. Irreversible para hojas de hasta 800kg y 2.5m. Uso muy intensivo. Requiere tarjeta electr\u00f3nica THALIA P. Tecnolog\u00eda [\/vc_column_text][\/vc_column][\/vc_row][vc_row][vc_column] Uso Residencial Ficha<br \/><a href=\"http:\/\/garajesprefabricados.com\/wp\/motores-para-puertas-batientes-oleodinamicos-subbt\/\" class=\"more\">Read more<\/a><\/p>\n","protected":false},"author":1,"featured_media":0,"parent":0,"menu_order":0,"comment_status":"closed","ping_status":"closed","template":"","meta":{"footnotes":""},"class_list":["post-8209","page","type-page","status-publish","hentry"],"_links":{"self":[{"href":"https:\/\/garajesprefabricados.com\/wp\/wp-json\/wp\/v2\/pages\/8209","targetHints":{"allow":["GET"]}}],"collection":[{"href":"https:\/\/garajesprefabricados.com\/wp\/wp-json\/wp\/v2\/pages"}],"about":[{"href":"https:\/\/garajesprefabricados.com\/wp\/wp-json\/wp\/v2\/types\/page"}],"author":[{"embeddable":true,"href":"https:\/\/garajesprefabricados.com\/wp\/wp-json\/wp\/v2\/users\/1"}],"replies":[{"embeddable":true,"href":"https:\/\/garajesprefabricados.com\/wp\/wp-json\/wp\/v2\/comments?post=8209"}],"version-history":[{"count":2,"href":"https:\/\/garajesprefabricados.com\/wp\/wp-json\/wp\/v2\/pages\/8209\/revisions"}],"predecessor-version":[{"id":8217,"href":"https:\/\/garajesprefabricados.com\/wp\/wp-json\/wp\/v2\/pages\/8209\/revisions\/8217"}],"wp:attachment":[{"href":"https:\/\/garajesprefabricados.com\/wp\/wp-json\/wp\/v2\/media?parent=8209"}],"curies":[{"name":"wp","href":"https:\/\/api.w.org\/{rel}","templated":true}]}}